{"id":189,"date":"2019-10-15T16:31:41","date_gmt":"2019-10-15T13:31:41","guid":{"rendered":"https:\/\/www.triago.ro\/?page_id=189"},"modified":"2024-12-12T10:09:26","modified_gmt":"2024-12-12T08:09:26","slug":"servicii","status":"publish","type":"page","link":"http:\/\/www.triago.ro\/ru\/servicii\/","title":{"rendered":"\u0423\u0441\u043b\u0443\u0433\u0438"},"content":{"rendered":"<h3 style=\"text-align: left; background: #033256; color: #fff; pading: 10px;\">\u0418\u043d\u0436\u0438\u043d\u0438\u0440\u0438\u043d\u0433<\/h3>\n<p>\u041c\u044b \u043f\u0440\u0435\u0434\u043b\u0430\u0433\u0430\u0435\u043c \u043d\u0430\u0448\u0438\u043c \u043a\u043b\u0438\u0435\u043d\u0442\u0430\u043c \u0441\u043e\u0432\u0435\u0442\u044b \u043f\u043e \u0432\u044b\u0431\u043e\u0440\u0443 \u043e\u043f\u0442\u0438\u043c\u0430\u043b\u044c\u043d\u044b\u0445 \u0440\u0435\u0448\u0435\u043d\u0438\u0439 \u0432 \u043e\u0431\u043b\u0430\u0441\u0442\u0438 \u043f\u0438\u0449\u0435\u0432\u043e\u0439 \u043f\u0440\u043e\u043c\u044b\u0448\u043b\u0435\u043d\u043d\u043e\u0441\u0442\u0438 (\u0432\u0438\u043d\u043e\u0434\u0435\u043b\u0438\u0435, \u043f\u0438\u0432\u043e, \u043d\u0430\u043f\u0438\u0442\u043a\u0438, \u043c\u0435\u0434, \u043c\u043e\u043b\u043e\u0447\u043d\u044b\u0435 \u043f\u0440\u043e\u0434\u0443\u043a\u0442\u044b, \u0444\u0430\u0440\u043c\u0430\u0446\u0435\u0432\u0442\u0438\u043a\u0430 \u0438\u043b\u0438 \u0445\u0438\u043c\u0438\u044f).<\/p>\n<p>\u041a\u0430\u0436\u0434\u044b\u0439 \u043f\u0440\u043e\u0435\u043a\u0442 \u0443\u043d\u0438\u043a\u0430\u043b\u0435\u043d, \u0438\u043c\u0435\u0435\u0442 \u0441\u0432\u043e\u0438 \u043e\u0441\u043e\u0431\u0435\u043d\u043d\u043e\u0441\u0442\u0438, \u0438 \u043c\u044b \u043d\u0430 100% \u0433\u043e\u0442\u043e\u0432\u044b \u043d\u0430\u0439\u0442\u0438 \u043b\u0443\u0447\u0448\u0435\u0435 \u0438 \u0441\u0430\u043c\u043e\u0435 \u043d\u0430\u0434\u0435\u0436\u043d\u043e\u0435 \u0440\u0435\u0448\u0435\u043d\u0438\u0435 \u0434\u043b\u044f \u043d\u0430\u0448\u0435\u0433\u043e \u043a\u043b\u0438\u0435\u043d\u0442\u0430. \u041c\u044b \u043e\u0441\u043d\u043e\u0432\u044b\u0432\u0430\u0435\u043c \u043d\u0430 \u0441\u043e\u0442\u0440\u0443\u0434\u043d\u0438\u0447\u0435\u0441\u0442\u0432\u0435 \u0432\u0441\u0435 \u00ab\u043d\u043e\u0443-\u0445\u0430\u0443\u00bb, \u043f\u0440\u0438\u043e\u0431\u0440\u0435\u0442\u0435\u043d\u043d\u043e\u0435 \u0437\u0430 \u0433\u043e\u0434\u044b \u043e\u043f\u044b\u0442\u0430, \u0438 \u043f\u0440\u0435\u0434\u043b\u0430\u0433\u0430\u0435\u043c \u0432\u0441\u044e \u043d\u0435\u043e\u0431\u0445\u043e\u0434\u0438\u043c\u0443\u044e \u043f\u043e\u0434\u0434\u0435\u0440\u0436\u043a\u0443, \u0447\u0442\u043e\u0431\u044b \u0433\u043e\u0442\u043e\u0432\u044b\u0439 \u043f\u0440\u043e\u0434\u0443\u043a\u0442 \u0441\u0442\u0430\u043b \u0432\u0438\u0437\u0438\u0442\u043d\u043e\u0439 \u043a\u0430\u0440\u0442\u043e\u0447\u043a\u043e\u0439 \u043d\u0430\u0448\u0435\u0439 \u043a\u043e\u043c\u043f\u0430\u043d\u0438\u0438.<\/p>\n<p>\u041c\u044b \u043f\u043e\u043d\u0438\u043c\u0430\u0435\u043c \u0440\u043e\u043b\u044c \u043d\u0430\u0448\u0438\u0445 \u0440\u0435\u0437\u0435\u0440\u0432\u0443\u0430\u0440\u043e\u0432 \u0432 \u0440\u0430\u0437\u043b\u0438\u0447\u043d\u044b\u0445 \u043f\u0440\u043e\u0438\u0437\u0432\u043e\u0434\u0441\u0442\u0432\u0435\u043d\u043d\u044b\u0445 \u043f\u0440\u043e\u0446\u0435\u0441\u0441\u0430\u0445 \u0432 \u043f\u0438\u0449\u0435\u0432\u043e\u0439 \u043f\u0440\u043e\u043c\u044b\u0448\u043b\u0435\u043d\u043d\u043e\u0441\u0442\u0438 \u0438 \u0437\u0430 \u0435\u0435 \u043f\u0440\u0435\u0434\u0435\u043b\u0430\u043c\u0438, \u043f\u043e\u044d\u0442\u043e\u043c\u0443 \u043c\u044b \u043f\u0440\u0435\u0434\u043b\u0430\u0433\u0430\u0435\u043c \u0440\u0435\u0430\u043b\u044c\u043d\u0443\u044e \u043f\u043e\u0434\u0434\u0435\u0440\u0436\u043a\u0443 \u0432 \u043f\u043e\u0432\u044b\u0448\u0435\u043d\u0438\u0438 \u043f\u0440\u043e\u0438\u0437\u0432\u043e\u0434\u0438\u0442\u0435\u043b\u044c\u043d\u043e\u0441\u0442\u0438 \u0440\u0430\u0437\u0440\u0430\u0431\u0430\u0442\u044b\u0432\u0430\u0435\u043c\u044b\u0445 \u043d\u0430\u043c\u0438 \u043f\u0440\u043e\u0434\u0443\u043a\u0442\u043e\u0432, \u0438 \u043c\u044b \u0432\u043c\u0435\u0441\u0442\u0435 \u0441 \u043d\u0430\u0448\u0438\u043c\u0438 \u043a\u043b\u0438\u0435\u043d\u0442\u0430\u043c\u0438 \u043d\u0430\u0441\u043b\u0430\u0436\u0434\u0430\u0435\u043c\u0441\u044f \u0438\u0441\u043a\u043b\u044e\u0447\u0438\u0442\u0435\u043b\u044c\u043d\u044b\u043c\u0438 \u0440\u0435\u0437\u0443\u043b\u044c\u0442\u0430\u0442\u0430\u043c\u0438 \u043f\u0440\u043e\u0434\u0443\u043a\u0442\u043e\u0432.<\/p>\n\n\t\t<style type=\"text\/css\">\n\t\t\t#gallery-1 {\n\t\t\t\tmargin: auto;\n\t\t\t}\n\t\t\t#gallery-1 .gallery-item {\n\t\t\t\tfloat: left;\n\t\t\t\tmargin-top: 10px;\n\t\t\t\ttext-align: center;\n\t\t\t\twidth: 16%;\n\t\t\t}\n\t\t\t#gallery-1 img {\n\t\t\t\tborder: 2px solid #cfcfcf;\n\t\t\t}\n\t\t\t#gallery-1 .gallery-caption {\n\t\t\t\tmargin-left: 0;\n\t\t\t}\n\t\t\t\/* see gallery_shortcode() in wp-includes\/media.php *\/\n\t\t<\/style>\n\t\t<div id='gallery-1' class='gallery galleryid-189 gallery-columns-6 gallery-size-thumbnail'><dl class='gallery-item'>\n\t\t\t<dt class='gallery-icon landscape'>\n\t\t\t\t<a href='https:\/\/www.triago.ro\/wp-content\/uploads\/2019\/11\/20171122_093130-1.jpg'><img decoding=\"async\" width=\"350\" height=\"350\" src=\"https:\/\/www.triago.ro\/wp-content\/uploads\/2019\/11\/20171122_093130-1-350x350.jpg\" class=\"attachment-thumbnail size-thumbnail\" alt=\"triago\" title=\"\"><\/a>\n\t\t\t<\/dt><\/dl><dl class='gallery-item'>\n\t\t\t<dt class='gallery-icon landscape'>\n\t\t\t\t<a href='https:\/\/www.triago.ro\/wp-content\/uploads\/2019\/11\/20180918_092225.jpg'><img decoding=\"async\" width=\"350\" height=\"350\" src=\"https:\/\/www.triago.ro\/wp-content\/uploads\/2019\/11\/20180918_092225-350x350.jpg\" class=\"attachment-thumbnail size-thumbnail\" alt=\"triago\" title=\"\"><\/a>\n\t\t\t<\/dt><\/dl><dl class='gallery-item'>\n\t\t\t<dt class='gallery-icon landscape'>\n\t\t\t\t<a href='https:\/\/www.triago.ro\/wp-content\/uploads\/2019\/11\/IMAG0500.jpg'><img decoding=\"async\" width=\"350\" height=\"350\" src=\"https:\/\/www.triago.ro\/wp-content\/uploads\/2019\/11\/IMAG0500-350x350.jpg\" class=\"attachment-thumbnail size-thumbnail\" alt=\"triago\" title=\"\"><\/a>\n\t\t\t<\/dt><\/dl><dl class='gallery-item'>\n\t\t\t<dt class='gallery-icon landscape'>\n\t\t\t\t<a href='https:\/\/www.triago.ro\/wp-content\/uploads\/2019\/11\/20180918_111915.jpg'><img decoding=\"async\" width=\"350\" height=\"350\" src=\"https:\/\/www.triago.ro\/wp-content\/uploads\/2019\/11\/20180918_111915-350x350.jpg\" class=\"attachment-thumbnail size-thumbnail\" alt=\"triago\" title=\"\"><\/a>\n\t\t\t<\/dt><\/dl><dl class='gallery-item'>\n\t\t\t<dt class='gallery-icon portrait'>\n\t\t\t\t<a href='https:\/\/www.triago.ro\/wp-content\/uploads\/2019\/11\/11.jpg'><img decoding=\"async\" width=\"350\" height=\"350\" src=\"https:\/\/www.triago.ro\/wp-content\/uploads\/2019\/11\/11-350x350.jpg\" class=\"attachment-thumbnail size-thumbnail\" alt=\"TRIAGO\" title=\"\"><\/a>\n\t\t\t<\/dt><\/dl><dl class='gallery-item'>\n\t\t\t<dt class='gallery-icon portrait'>\n\t\t\t\t<a href='https:\/\/www.triago.ro\/wp-content\/uploads\/2019\/11\/20190831_174152-01.jpeg'><img decoding=\"async\" width=\"350\" height=\"350\" src=\"https:\/\/www.triago.ro\/wp-content\/uploads\/2019\/11\/20190831_174152-01-350x350.jpeg\" class=\"attachment-thumbnail size-thumbnail\" alt=\"\u0422\u0420\u0418\u0410\u0413\u041e\" title=\"\"><\/a>\n\t\t\t<\/dt><\/dl><br style=\"clear: both\" \/>\n\t\t<\/div>\n\n<h3 style=\"text-align: left; background: #033256; color: #fff; pading: 10px;\">3D \u043f\u0440\u043e\u044d\u043a\u0442\u0438\u0440\u043e\u0432\u0430\u043d\u0438\u0435<\/h3>\n<p>\u041b\u044e\u0431\u043e\u0439 \u043f\u0440\u043e\u0434\u0443\u043a\u0442, \u0432\u044b\u043f\u0443\u0441\u043a\u0430\u0435\u043c\u044b\u0439 \u043d\u0430\u0448\u0435\u0439 \u043a\u043e\u043c\u043f\u0430\u043d\u0438\u0435\u0439, \u043d\u0430\u0447\u0438\u043d\u0430\u0435\u0442 \u0441\u0432\u043e\u0435 \u00ab\u0441\u0443\u0449\u0435\u0441\u0442\u0432\u043e\u0432\u0430\u043d\u0438\u0435\u00bb \u0432 \u0432\u0438\u0434\u0435 \u0442\u0435\u0445\u043d\u0438\u0447\u0435\u0441\u043a\u043e\u0433\u043e \u0447\u0435\u0440\u0442\u0435\u0436\u0430 \u0432 \u043e\u0442\u0434\u0435\u043b\u0435 \u0434\u0438\u0437\u0430\u0439\u043d\u0430.<\/p>\n<p>Toate produsele proiectate \u0219i fabricate de TRIAGO sunt \u00een conformitate cu standardele impuse de normele europene \u00een industria alimentar\u0103 \u0219i cu normele prev\u0103zute de Managementul Calitatii (SR EN ISO 9001), Managementul s\u0103n\u0103t\u0103\u021bii \u0219i securit\u0103\u021bii ( ISO 45001:2018) si Managementul mediului conform ISO <em>14001<\/em>.<\/p>\n<p>\u041c\u044b \u0441 \u043d\u0430\u0448\u0438\u043c\u0438 \u043f\u0430\u0440\u0442\u043d\u0435\u0440\u0430\u043c\u0438 \u043d\u0430 \u043f\u0440\u043e\u0442\u044f\u0436\u0435\u043d\u0438\u0438 \u0432\u0441\u0435\u0433\u043e \u043f\u0440\u043e\u0446\u0435\u0441\u0441\u0430, \u043e\u0442 \u043f\u0440\u043e\u0435\u043a\u0442\u0438\u0440\u043e\u0432\u0430\u043d\u0438\u044f \u0434\u043e \u0442\u0435\u0445\u043d\u043e\u043b\u043e\u0433\u0438\u0447\u0435\u0441\u043a\u043e\u0439 \u0440\u0435\u0430\u043b\u0438\u0437\u0430\u0446\u0438\u0438 \u0441\u043e\u043e\u0442\u0432\u0435\u0442\u0441\u0442\u0432\u0443\u044e\u0449\u0435\u0433\u043e \u043e\u0431\u043e\u0440\u0443\u0434\u043e\u0432\u0430\u043d\u0438\u044f \u0438 \u0443\u0441\u0442\u0430\u043d\u043e\u0432\u043e\u043a.<\/p>\n\n\t\t<style type=\"text\/css\">\n\t\t\t#gallery-2 {\n\t\t\t\tmargin: auto;\n\t\t\t}\n\t\t\t#gallery-2 .gallery-item {\n\t\t\t\tfloat: left;\n\t\t\t\tmargin-top: 10px;\n\t\t\t\ttext-align: center;\n\t\t\t\twidth: 16%;\n\t\t\t}\n\t\t\t#gallery-2 img {\n\t\t\t\tborder: 2px solid #cfcfcf;\n\t\t\t}\n\t\t\t#gallery-2 .gallery-caption {\n\t\t\t\tmargin-left: 0;\n\t\t\t}\n\t\t\t\/* see gallery_shortcode() in wp-includes\/media.php *\/\n\t\t<\/style>\n\t\t<div id='gallery-2' class='gallery galleryid-189 gallery-columns-6 gallery-size-thumbnail'><dl class='gallery-item'>\n\t\t\t<dt class='gallery-icon landscape'>\n\t\t\t\t<a href='https:\/\/www.triago.ro\/wp-content\/uploads\/2019\/11\/TR2019732.00.000_2D.jpg'><img decoding=\"async\" width=\"350\" height=\"350\" src=\"https:\/\/www.triago.ro\/wp-content\/uploads\/2019\/11\/TR2019732.00.000_2D-350x350.jpg\" class=\"attachment-thumbnail size-thumbnail\" alt=\"triago\" title=\"\"><\/a>\n\t\t\t<\/dt><\/dl><dl class='gallery-item'>\n\t\t\t<dt class='gallery-icon portrait'>\n\t\t\t\t<a href='https:\/\/www.triago.ro\/wp-content\/uploads\/2019\/11\/TR2019732.00.000_3D.jpg'><img decoding=\"async\" width=\"350\" height=\"350\" src=\"https:\/\/www.triago.ro\/wp-content\/uploads\/2019\/11\/TR2019732.00.000_3D-350x350.jpg\" class=\"attachment-thumbnail size-thumbnail\" alt=\"triago\" title=\"\"><\/a>\n\t\t\t<\/dt><\/dl><dl class='gallery-item'>\n\t\t\t<dt class='gallery-icon landscape'>\n\t\t\t\t<a href='https:\/\/www.triago.ro\/wp-content\/uploads\/2019\/11\/proiectare-2.png'><img decoding=\"async\" width=\"350\" height=\"350\" src=\"https:\/\/www.triago.ro\/wp-content\/uploads\/2019\/11\/proiectare-2-350x350.png\" class=\"attachment-thumbnail size-thumbnail\" alt=\"triago\" title=\"\"><\/a>\n\t\t\t<\/dt><\/dl><dl class='gallery-item'>\n\t\t\t<dt class='gallery-icon landscape'>\n\t\t\t\t<a href='https:\/\/www.triago.ro\/wp-content\/uploads\/2020\/03\/proiectare-4.png'><img decoding=\"async\" width=\"350\" height=\"350\" src=\"https:\/\/www.triago.ro\/wp-content\/uploads\/2020\/03\/proiectare-4-350x350.png\" class=\"attachment-thumbnail size-thumbnail\" alt=\"\" title=\"\"><\/a>\n\t\t\t<\/dt><\/dl><dl class='gallery-item'>\n\t\t\t<dt class='gallery-icon portrait'>\n\t\t\t\t<a href='https:\/\/www.triago.ro\/wp-content\/uploads\/2020\/03\/UNI.jpg'><img decoding=\"async\" width=\"277\" height=\"295\" src=\"https:\/\/www.triago.ro\/wp-content\/uploads\/2020\/03\/UNI.jpg\" class=\"attachment-thumbnail size-thumbnail\" alt=\"\" title=\"\"><\/a>\n\t\t\t<\/dt><\/dl><dl class='gallery-item'>\n\t\t\t<dt class='gallery-icon landscape'>\n\t\t\t\t<a href='https:\/\/www.triago.ro\/wp-content\/uploads\/2019\/11\/proiectare-3.png'><img decoding=\"async\" width=\"350\" height=\"350\" src=\"https:\/\/www.triago.ro\/wp-content\/uploads\/2019\/11\/proiectare-3-350x350.png\" class=\"attachment-thumbnail size-thumbnail\" alt=\"\" title=\"\"><\/a>\n\t\t\t<\/dt><\/dl><br style=\"clear: both\" \/>\n\t\t<\/div>\n\n<h3 style=\"text-align: left; background: #033256; color: #fff; pading: 10px;\">\u041e\u0431\u0432\u044f\u0437\u043a\u0430 \u0438 \u043c\u043e\u043d\u0442\u0430\u0436 \u0442\u0440\u0443\u0431\u043e\u043f\u0440\u043e\u0432\u043e\u0434\u043e\u0432<\/h3>\n<p>\u041c\u044b \u043f\u0440\u043e\u0438\u0437\u0432\u043e\u0434\u0438\u043c \u0448\u0438\u0440\u043e\u043a\u0438\u0439 \u0430\u0441\u0441\u043e\u0440\u0442\u0438\u043c\u0435\u043d\u0442 \u0440\u0435\u0437\u0435\u0440\u0432\u0443\u0430\u0440\u043e\u0432, \u043e\u0431\u043e\u0440\u0443\u0434\u043e\u0432\u0430\u043d\u0438\u044f, \u043e\u0431\u043e\u0440\u0443\u0434\u043e\u0432\u0430\u043d\u0438\u044f \u0438\u0437 \u043d\u0435\u0440\u0436\u0430\u0432\u0435\u044e\u0449\u0435\u0439 \u0441\u0442\u0430\u043b\u0438, \u0430\u0440\u043c\u0430\u0442\u0443\u0440\u044b \u0438 \u0444\u0438\u0442\u0438\u043d\u0433\u043e\u0432 \u0434\u043b\u044f \u043f\u0438\u0449\u0435\u0432\u043e\u0439 \u043f\u0440\u043e\u043c\u044b\u0448\u043b\u0435\u043d\u043d\u043e\u0441\u0442\u0438.<\/p>\n<p>\u041c\u043e\u043d\u0442\u0438\u0440\u0443\u0435\u043c, \u0443\u0441\u0442\u0430\u043d\u0430\u0432\u043b\u0438\u0432\u0430\u0435\u043c \u0438 \u0432\u0432\u043e\u0434\u0438\u043c \u0432 \u044d\u043a\u0441\u043f\u043b\u0443\u0430\u0442\u0430\u0446\u0438\u044e \u043e\u0431\u043e\u0440\u0443\u0434\u043e\u0432\u0430\u043d\u0438\u0435 \/ \u0440\u0435\u0437\u0435\u0440\u0432\u0443\u0430\u0440\u044b \/ \u043e\u0431\u043e\u0440\u0443\u0434\u043e\u0432\u0430\u043d\u0438\u0435 \u043f\u043e \u0443\u043a\u0430\u0437\u0430\u043d\u0438\u044e \u043d\u0430\u0448\u0438\u0445 \u0437\u0430\u043a\u0430\u0437\u0447\u0438\u043a\u043e\u0432. \u041c\u044b \u0442\u0435\u0441\u0442\u0438\u0440\u0443\u0435\u043c \u0440\u0430\u0431\u043e\u0442\u043e\u0441\u043f\u043e\u0441\u043e\u0431\u043d\u043e\u0441\u0442\u044c \u0443\u0441\u0442\u0430\u043d\u043e\u0432\u043e\u043a \u0438 \u0443\u0431\u0435\u0436\u0434\u0430\u0435\u043c\u0441\u044f \u0432 \u0438\u0445 \u043a\u043e\u0440\u0440\u0435\u043a\u0442\u043d\u043e\u0439 \u0440\u0430\u0431\u043e\u0442\u0435.<\/p>\n<p>\u041d\u0430 \u0432\u0435\u0441\u044c \u0441\u043f\u0435\u043a\u0442\u0440 \u043f\u0440\u0435\u0434\u043b\u0430\u0433\u0430\u0435\u043c\u044b\u0445 \u0440\u0435\u0437\u0435\u0440\u0432\u0443\u0430\u0440\u043e\u0432, \u043c\u0430\u0448\u0438\u043d \u0438 \u043e\u0431\u043e\u0440\u0443\u0434\u043e\u0432\u0430\u043d\u0438\u044f TRIAGO \u043f\u0440\u0435\u0434\u043e\u0441\u0442\u0430\u0432\u043b\u044f\u0435\u0442:<\/p>\n<ul>\n<li>\u0422\u0435\u0445\u043f\u043e\u0434\u0434\u0435\u0440\u0436\u043a\u0430<\/li>\n<li>\u0421\u0435\u0440\u0432\u0438\u0441\u043d\u043e\u0435 \u043e\u0431\u0441\u043b\u0443\u0436\u0438\u0432\u0430\u043d\u0438\u0435 \u0432 \u0433\u0430\u0440\u0430\u043d\u0442\u0438\u0439\u043d\u044b\u0439 \u043f\u0435\u0440\u0438\u043e\u0434 (\u043f\u0440\u0438 \u0441\u043e\u0431\u043b\u044e\u0434\u0435\u043d\u0438\u0438 \u0432\u0441\u0435\u0445 \u0443\u0441\u043b\u043e\u0432\u0438\u0439 \u044d\u043a\u0441\u043f\u043b\u0443\u0430\u0442\u0430\u0446\u0438\u0438 \u0441\u043e\u0433\u043b\u0430\u0441\u043d\u043e \u0422\u0435\u0445\u043d\u0438\u0447\u0435\u0441\u043a\u043e\u0439 \u043a\u043d\u0438\u0436\u043a\u0435)<\/li>\n<li>\u0421\u0435\u0440\u0432\u0438\u0441\u043d\u043e\u0435 \u043e\u0431\u0441\u043b\u0443\u0436\u0438\u0432\u0430\u043d\u0438\u0435 \u0432 \u043f\u043e\u0441\u043b\u0435\u0433\u0430\u0440\u0430\u043d\u0442\u0438\u0439\u043d\u044b\u0439 \u043f\u0435\u0440\u0438\u043e\u0434 (\u043d\u0430 \u043e\u0441\u043d\u043e\u0432\u0430\u043d\u0438\u0438 \u0441\u0435\u0440\u0432\u0438\u0441\u043d\u043e\u0433\u043e \u0434\u043e\u0433\u043e\u0432\u043e\u0440\u0430)<\/li>\n<\/ul>\n\n\t\t<style type=\"text\/css\">\n\t\t\t#gallery-3 {\n\t\t\t\tmargin: auto;\n\t\t\t}\n\t\t\t#gallery-3 .gallery-item {\n\t\t\t\tfloat: left;\n\t\t\t\tmargin-top: 10px;\n\t\t\t\ttext-align: center;\n\t\t\t\twidth: 16%;\n\t\t\t}\n\t\t\t#gallery-3 img {\n\t\t\t\tborder: 2px solid #cfcfcf;\n\t\t\t}\n\t\t\t#gallery-3 .gallery-caption {\n\t\t\t\tmargin-left: 0;\n\t\t\t}\n\t\t\t\/* see gallery_shortcode() in wp-includes\/media.php *\/\n\t\t<\/style>\n\t\t<div id='gallery-3' class='gallery galleryid-189 gallery-columns-6 gallery-size-thumbnail'><dl class='gallery-item'>\n\t\t\t<dt class='gallery-icon landscape'>\n\t\t\t\t<a href='https:\/\/www.triago.ro\/wp-content\/uploads\/2019\/11\/20160701_173148.jpg'><img decoding=\"async\" width=\"350\" height=\"350\" src=\"https:\/\/www.triago.ro\/wp-content\/uploads\/2019\/11\/20160701_173148-350x350.jpg\" class=\"attachment-thumbnail size-thumbnail\" alt=\"triago\" title=\"\"><\/a>\n\t\t\t<\/dt><\/dl><dl class='gallery-item'>\n\t\t\t<dt class='gallery-icon landscape'>\n\t\t\t\t<a href='https:\/\/www.triago.ro\/wp-content\/uploads\/2019\/11\/20161213_103933.jpg'><img decoding=\"async\" width=\"350\" height=\"350\" src=\"https:\/\/www.triago.ro\/wp-content\/uploads\/2019\/11\/20161213_103933-350x350.jpg\" class=\"attachment-thumbnail size-thumbnail\" alt=\"triago\" title=\"\"><\/a>\n\t\t\t<\/dt><\/dl><dl class='gallery-item'>\n\t\t\t<dt class='gallery-icon portrait'>\n\t\t\t\t<a href='https:\/\/www.triago.ro\/wp-content\/uploads\/2019\/11\/20180522_083357-e1574840210542.jpg'><img decoding=\"async\" width=\"350\" height=\"350\" src=\"https:\/\/www.triago.ro\/wp-content\/uploads\/2019\/11\/20180522_083357-e1574840210542-350x350.jpg\" class=\"attachment-thumbnail size-thumbnail\" alt=\"triago\" title=\"\"><\/a>\n\t\t\t<\/dt><\/dl><dl class='gallery-item'>\n\t\t\t<dt class='gallery-icon portrait'>\n\t\t\t\t<a href='https:\/\/www.triago.ro\/wp-content\/uploads\/2019\/11\/Posizionamento-del-serbatoio-1-.jpg'><img decoding=\"async\" width=\"350\" height=\"350\" src=\"https:\/\/www.triago.ro\/wp-content\/uploads\/2019\/11\/Posizionamento-del-serbatoio-1--350x350.jpg\" class=\"attachment-thumbnail size-thumbnail\" alt=\"triago\" title=\"\"><\/a>\n\t\t\t<\/dt><\/dl><dl class='gallery-item'>\n\t\t\t<dt class='gallery-icon portrait'>\n\t\t\t\t<a href='https:\/\/www.triago.ro\/wp-content\/uploads\/2019\/11\/Posizionamento-del-serbatoio-2-.jpg'><img decoding=\"async\" width=\"350\" height=\"350\" src=\"https:\/\/www.triago.ro\/wp-content\/uploads\/2019\/11\/Posizionamento-del-serbatoio-2--350x350.jpg\" class=\"attachment-thumbnail size-thumbnail\" alt=\"triago\" title=\"\"><\/a>\n\t\t\t<\/dt><\/dl><dl class='gallery-item'>\n\t\t\t<dt class='gallery-icon portrait'>\n\t\t\t\t<a href='https:\/\/www.triago.ro\/wp-content\/uploads\/2019\/11\/20190830_174430-01.jpeg'><img decoding=\"async\" width=\"350\" height=\"350\" src=\"https:\/\/www.triago.ro\/wp-content\/uploads\/2019\/11\/20190830_174430-01-350x350.jpeg\" class=\"attachment-thumbnail size-thumbnail\" alt=\"\u0422\u0420\u0418\u0410\u0413\u041e\" title=\"\"><\/a>\n\t\t\t<\/dt><\/dl><br style=\"clear: both\" \/>\n\t\t<\/div>\n\n<h3 style=\"text-align: left; background: #033256; color: #fff; pading: 10px;\">\u0421\u0432\u0430\u0440\u043a\u0430 Tig \/ Wig<\/h3>\n<p>\u0427\u0442\u043e\u0431\u044b \u043f\u0440\u043e\u0438\u0437\u0432\u043e\u0434\u0438\u0442\u044c \u043f\u0440\u043e\u0434\u0443\u043a\u0446\u0438\u044e \u0441\u0430\u043c\u043e\u0433\u043e \u0432\u044b\u0441\u043e\u043a\u043e\u0433\u043e \u043a\u0430\u0447\u0435\u0441\u0442\u0432\u0430, \u043c\u044b \u043f\u0440\u0438\u0432\u043b\u0435\u043a\u043b\u0438 \u0432 \u043d\u0430\u0448\u0443 \u043a\u043e\u043c\u0430\u043d\u0434\u0443 \u043e\u043f\u044b\u0442\u043d\u044b\u0445 \u0441\u0432\u0430\u0440\u0449\u0438\u043a\u043e\u0432 Tig \/ Wig, \u043a\u043e\u0442\u043e\u0440\u044b\u0435 \u043e\u0431\u043b\u0430\u0434\u0430\u044e\u0442 \u0437\u043d\u0430\u043d\u0438\u044f\u043c\u0438 \u0438 \u043f\u0440\u043e\u0444\u0435\u0441\u0441\u0438\u043e\u043d\u0430\u043b\u0438\u0437\u043c\u043e\u043c, \u043d\u0435\u043e\u0431\u0445\u043e\u0434\u0438\u043c\u044b\u043c\u0438 \u0434\u043b\u044f \u0438\u0437\u0433\u043e\u0442\u043e\u0432\u043b\u0435\u043d\u0438\u044f \u0440\u0435\u0437\u0435\u0440\u0432\u0443\u0430\u0440\u043e\u0432 \u0438\u0437 \u043d\u0435\u0440\u0436\u0430\u0432\u0435\u044e\u0449\u0435\u0439 \u0441\u0442\u0430\u043b\u0438 \u0438 \u0434\u0440\u0443\u0433\u043e\u0433\u043e \u043e\u0431\u043e\u0440\u0443\u0434\u043e\u0432\u0430\u043d\u0438\u044f \u0432 \u0441\u043e\u043e\u0442\u0432\u0435\u0442\u0441\u0442\u0432\u0438\u0438 \u0441 \u0447\u0435\u0440\u0442\u0435\u0436\u0430\u043c\u0438, \u043f\u043e\u043b\u0443\u0447\u0435\u043d\u043d\u044b\u043c\u0438 \u043e\u0442 \u043a\u043e\u043d\u0441\u0442\u0440\u0443\u043a\u0442\u043e\u0440\u0441\u043a\u043e\u0433\u043e \u043e\u0442\u0434\u0435\u043b\u0430.<\/p>\n<p>\u041a\u0430\u0447\u0435\u0441\u0442\u0432\u043e \u043f\u0440\u043e\u0434\u0443\u043a\u0446\u0438\u0438, \u0441\u043e\u043e\u0442\u0432\u0435\u0442\u0441\u0442\u0432\u0435\u043d\u043d\u043e \u0440\u0435\u0437\u0435\u0440\u0432\u0443\u0430\u0440\u043e\u0432, \u043f\u0440\u043e\u0438\u0437\u0432\u043e\u0434\u0438\u043c\u044b\u0445 \u043d\u0430\u0448\u0435\u0439 \u043a\u043e\u043c\u043f\u0430\u043d\u0438\u0435\u0439, \u043d\u0430\u0445\u043e\u0434\u0438\u0442\u0441\u044f \u0432 \u0442\u0435\u0441\u043d\u043e\u0439 \u0438 \u043f\u0440\u044f\u043c\u043e\u0439 \u0441\u0432\u044f\u0437\u0438 \u0441 \u043d\u043e\u0432\u0435\u0439\u0448\u0438\u043c \u043e\u0431\u043e\u0440\u0443\u0434\u043e\u0432\u0430\u043d\u0438\u0435\u043c, \u0438\u043c\u0435\u044e\u0449\u0438\u043c\u0441\u044f \u0432 \u043f\u0440\u043e\u0438\u0437\u0432\u043e\u0434\u0441\u0442\u0432\u0435\u043d\u043d\u043e\u043c \u0446\u0435\u0445\u0435, \u0438 \u043f\u0440\u043e\u0446\u0435\u0441\u0441\u043e\u043c \u0441\u0432\u0430\u0440\u043a\u0438 Tig \/ Wig \u043d\u0430 \u0441\u0430\u043c\u043e\u043c \u0432\u044b\u0441\u043e\u043a\u043e\u043c \u0443\u0440\u043e\u0432\u043d\u0435 \u0431\u043b\u0430\u0433\u043e\u0434\u0430\u0440\u044f \u043e\u043f\u044b\u0442\u043d\u044b\u043c \u0441\u0432\u0430\u0440\u0449\u0438\u043a\u0430\u043c.<\/p>\n<p>\u041c\u044b \u0433\u043e\u0440\u0434\u0438\u043c\u0441\u044f \u043a\u0430\u0436\u0434\u044b\u043c \u0432\u044b\u043f\u043e\u043b\u043d\u0435\u043d\u043d\u044b\u043c \u043f\u0440\u043e\u0435\u043a\u0442\u043e\u043c, \u043a\u0430\u0436\u0434\u044b\u043c \u0440\u0435\u0437\u0435\u0440\u0432\u0443\u0430\u0440\u043e\u043c \u0438\u043b\u0438 \u0443\u0441\u0442\u0430\u043d\u043e\u0432\u043a\u043e\u0439, \u043d\u0430 \u043a\u043e\u0442\u043e\u0440\u044b\u0445 \u043d\u0430\u043d\u0435\u0441\u0435\u043d \u043b\u043e\u0433\u043e\u0442\u0438\u043f \u043a\u0430\u0447\u0435\u0441\u0442\u0432\u0430 TRIAGO.<\/p>\n\n\t\t<style type=\"text\/css\">\n\t\t\t#gallery-4 {\n\t\t\t\tmargin: auto;\n\t\t\t}\n\t\t\t#gallery-4 .gallery-item {\n\t\t\t\tfloat: left;\n\t\t\t\tmargin-top: 10px;\n\t\t\t\ttext-align: center;\n\t\t\t\twidth: 20%;\n\t\t\t}\n\t\t\t#gallery-4 img {\n\t\t\t\tborder: 2px solid #cfcfcf;\n\t\t\t}\n\t\t\t#gallery-4 .gallery-caption {\n\t\t\t\tmargin-left: 0;\n\t\t\t}\n\t\t\t\/* see gallery_shortcode() in wp-includes\/media.php *\/\n\t\t<\/style>\n\t\t<div id='gallery-4' class='gallery galleryid-189 gallery-columns-5 gallery-size-thumbnail'><dl class='gallery-item'>\n\t\t\t<dt class='gallery-icon landscape'>\n\t\t\t\t<a href='https:\/\/www.triago.ro\/wp-content\/uploads\/2020\/02\/20200207_115421.jpg'><img decoding=\"async\" width=\"350\" height=\"350\" src=\"https:\/\/www.triago.ro\/wp-content\/uploads\/2020\/02\/20200207_115421-350x350.jpg\" class=\"attachment-thumbnail size-thumbnail\" alt=\"rezervoare din inox\" title=\"\"><\/a>\n\t\t\t<\/dt><\/dl><dl class='gallery-item'>\n\t\t\t<dt class='gallery-icon landscape'>\n\t\t\t\t<a href='https:\/\/www.triago.ro\/wp-content\/uploads\/2020\/02\/37849347_1879448272101823_5927804984518246400_o.jpg'><img decoding=\"async\" width=\"350\" height=\"350\" src=\"https:\/\/www.triago.ro\/wp-content\/uploads\/2020\/02\/37849347_1879448272101823_5927804984518246400_o-350x350.jpg\" class=\"attachment-thumbnail size-thumbnail\" alt=\"triago rezervoare\" title=\"\"><\/a>\n\t\t\t<\/dt><\/dl><dl class='gallery-item'>\n\t\t\t<dt class='gallery-icon landscape'>\n\t\t\t\t<a href='https:\/\/www.triago.ro\/wp-content\/uploads\/2020\/02\/197520501.jpg'><img decoding=\"async\" width=\"350\" height=\"350\" src=\"https:\/\/www.triago.ro\/wp-content\/uploads\/2020\/02\/197520501-350x350.jpg\" class=\"attachment-thumbnail size-thumbnail\" alt=\"rezervoare din inox\" title=\"\"><\/a>\n\t\t\t<\/dt><\/dl><dl class='gallery-item'>\n\t\t\t<dt class='gallery-icon landscape'>\n\t\t\t\t<a href='https:\/\/www.triago.ro\/wp-content\/uploads\/2020\/02\/34637676_1919828524736707_6629186239310331904_o.jpg'><img decoding=\"async\" width=\"350\" height=\"350\" src=\"https:\/\/www.triago.ro\/wp-content\/uploads\/2020\/02\/34637676_1919828524736707_6629186239310331904_o-350x350.jpg\" class=\"attachment-thumbnail size-thumbnail\" alt=\"rezervoare din inox\" title=\"\"><\/a>\n\t\t\t<\/dt><\/dl><dl class='gallery-item'>\n\t\t\t<dt class='gallery-icon landscape'>\n\t\t\t\t<a href='https:\/\/www.triago.ro\/wp-content\/uploads\/2020\/02\/sudura.jpg'><img decoding=\"async\" width=\"350\" height=\"350\" src=\"https:\/\/www.triago.ro\/wp-content\/uploads\/2020\/02\/sudura-350x350.jpg\" class=\"attachment-thumbnail size-thumbnail\" alt=\"rezervoare din inox\" title=\"\"><\/a>\n\t\t\t<\/dt><\/dl><br style=\"clear: both\" \/>\n\t\t<\/div>","protected":false},"excerpt":{"rendered":"<p>Consultan\u021b\u0103 Oferim clien\u021bilor no\u0219tri consultan\u021b\u0103 pentru alegerea solu\u021biilor optime \u00een domeniu din industria alimentar\u0103 (vinifica\u021bie, bere, b\u0103uturi, miere, lactate , farmaceutic\u0103 sau chimic\u0103). Fiecare proiect este unic, are particularit\u0103\u021bile lui \u0219i suntem prezenti 100% pentru a g\u0103si cea mai bun\u0103 \u0219i mai fiabil\u0103\u00a0 solu\u021bie pentru clientul nostru. Punem la baza colabor\u0103rii tot &#8222;know-how&#8221; dob\u00e2ndit \u00een [&hellip;]<\/p>","protected":false},"author":4,"featured_media":0,"parent":0,"menu_order":0,"comment_status":"closed","ping_status":"closed","template":"","meta":{"_acf_changed":false,"footnotes":""},"class_list":["post-189","page","type-page","status-publish","hentry"],"acf":[],"amp_enabled":true,"_links":{"self":[{"href":"http:\/\/www.triago.ro\/ru\/wp-json\/wp\/v2\/pages\/189","targetHints":{"allow":["GET"]}}],"collection":[{"href":"http:\/\/www.triago.ro\/ru\/wp-json\/wp\/v2\/pages"}],"about":[{"href":"http:\/\/www.triago.ro\/ru\/wp-json\/wp\/v2\/types\/page"}],"author":[{"embeddable":true,"href":"http:\/\/www.triago.ro\/ru\/wp-json\/wp\/v2\/users\/4"}],"replies":[{"embeddable":true,"href":"http:\/\/www.triago.ro\/ru\/wp-json\/wp\/v2\/comments?post=189"}],"version-history":[{"count":0,"href":"http:\/\/www.triago.ro\/ru\/wp-json\/wp\/v2\/pages\/189\/revisions"}],"wp:attachment":[{"href":"http:\/\/www.triago.ro\/ru\/wp-json\/wp\/v2\/media?parent=189"}],"curies":[{"name":"wp","href":"https:\/\/api.w.org\/{rel}","templated":true}]}}