{"id":27,"date":"2018-12-19T11:11:44","date_gmt":"2018-12-19T09:11:44","guid":{"rendered":"https:\/\/www.triago.ro\/?page_id=27"},"modified":"2021-04-06T16:50:52","modified_gmt":"2021-04-06T13:50:52","slug":"homepage","status":"publish","type":"page","link":"https:\/\/www.triago.ro\/en\/homepage\/","title":{"rendered":"Homepage"},"content":{"rendered":"<p><span style=\"font-size: 1rem;\">We are a company specialized in the manufacture of stainless steel tanks and equipment for the food, chemical or pharmaceutical industry.<br \/>\n<\/span><\/p>\n<p><span style=\"font-size: 1rem;\">The solid knowledge and experience in the technological field accumulated over the years, and high-performance equipment in production department contribute effectively <\/span><span style=\"font-size: 1rem;\">to successful realization of all projects proposed by our customers, offering them the best quality products to European standards.<\/span><\/p>\n<p><span style=\"font-size: 1rem;\">We are convinced that we can only prosper by achieving the proposed objectives and meeting the requirements of our customers.<\/span><\/p>\n<p>&nbsp;<\/p>","protected":false},"excerpt":{"rendered":"<p>Suntem o companie specializat\u0103 \u00een fabricarea rezervoarelor \u0219i echipamentelor din inox destinate industriei alimentare, chimice sau farmaceutice. Cuno\u0219tin\u021bele solide \u0219i experien\u021ba \u00een domeniul tehnologic acumulate de-a lungul anilor, precum \u0219i utilajele performante din dotarea halei de productie contribuie \u00een mod eficient \u00een realizarea produselor de calitate conform standardelor europene. Suntem convinsi c\u0103 putem prospera \u0219i [&hellip;]<\/p>","protected":false},"author":4,"featured_media":0,"parent":0,"menu_order":-99,"comment_status":"closed","ping_status":"closed","template":"","meta":{"_acf_changed":false,"footnotes":""},"class_list":["post-27","page","type-page","status-publish","hentry"],"acf":[],"amp_enabled":true,"_links":{"self":[{"href":"https:\/\/www.triago.ro\/en\/wp-json\/wp\/v2\/pages\/27","targetHints":{"allow":["GET"]}}],"collection":[{"href":"https:\/\/www.triago.ro\/en\/wp-json\/wp\/v2\/pages"}],"about":[{"href":"https:\/\/www.triago.ro\/en\/wp-json\/wp\/v2\/types\/page"}],"author":[{"embeddable":true,"href":"https:\/\/www.triago.ro\/en\/wp-json\/wp\/v2\/users\/4"}],"replies":[{"embeddable":true,"href":"https:\/\/www.triago.ro\/en\/wp-json\/wp\/v2\/comments?post=27"}],"version-history":[{"count":0,"href":"https:\/\/www.triago.ro\/en\/wp-json\/wp\/v2\/pages\/27\/revisions"}],"wp:attachment":[{"href":"https:\/\/www.triago.ro\/en\/wp-json\/wp\/v2\/media?parent=27"}],"curies":[{"name":"wp","href":"https:\/\/api.w.org\/{rel}","templated":true}]}}