{"id":341,"date":"2019-12-04T15:31:45","date_gmt":"2019-12-04T13:31:45","guid":{"rendered":"https:\/\/www.triago.ro\/?page_id=341"},"modified":"2020-04-09T14:27:27","modified_gmt":"2020-04-09T11:27:27","slug":"cariere","status":"publish","type":"page","link":"https:\/\/www.triago.ro\/en\/cariere\/","title":{"rendered":"Jobs"},"content":{"rendered":"<div class=\"row\">\n<div class=\"col-md-4\">\n<h2 style=\"text-align: left;\">Triago team<\/h2>\n<p>We are a growing company that recruits people eager to work in a young, dynamic and stable environment. We manufacture stainless steel tanks for the food industry and we want to increase our production team. The working conditions are special.<\/p>\n<\/div>\n<div class=\"col-md-4\">\n<h2 style=\"text-align: center;\"><\/h2>\n<p style=\"text-align: center;\"><strong>Interested?<br \/>\n<\/strong><\/p>\n<p style=\"text-align: center;\"><strong>We give you more details at the phone number<br \/>\n0268 547 832<\/strong><\/p>\n<p style=\"text-align: center;\"><strong>We are waiting for your CV at <a href=\"mailto:job@triago.ro\" target=\"_blank\" rel=\"noopener\">job@triago.ro<\/a><\/strong><\/p>\n<\/div>\n<div class=\"col-md-4\">\n<h2 style=\"text-align: left;\">BENEFITS:<\/h2>\n<ul>\n<li>Motivating salary<\/li>\n<li>Vouchers<\/li>\n<li>Health insurance<\/li>\n<li>Workplace stability<\/li>\n<li>Vocational training and instruction<\/li>\n<\/ul>\n<\/div>\n<\/div>\n<h2 style=\"text-align: center;\"><\/h2>\n<div class=\"row\">\n<div class=\"col-md-6\">\n<h2 style=\"background: #025699; color: #ffffff; padding: 10px; text-align: center;\">TIG\/WIG WELDER<\/h2>\n<p class=\"translation-block\">We are looking for a Tig\/Wig welder in order to develop the production department.\nIf you want professional development and a stable job, we are waiting for you for a job test at the company's headquarters in Codlea.<\/p>\n<\/div>\n<div class=\"col-md-6\">\n<h2 style=\"background: #025699; color: #ffffff; padding: 10px; text-align: center;\">METAL LOCKSMITH<\/h2>\n<p class=\"translation-block\">We want to grow our team of experienced locksmiths and unskilled workers, with people eager to learn and specialize in the workplace.<br>\nWe are waiting for you for a work test!<\/p>\n<\/div>\n<\/div>\n<h3 style=\"text-align: center;\" class=\"translation-block\">We offer support in specialization and the possibility of developing a career.<br>\nJoin us to be part of the team!<\/h3>","protected":false},"excerpt":{"rendered":"<p>Echipa Triago Suntem o companie \u00een plin\u0103 dezvoltare care recruteaz\u0103 persoane dornice s\u0103 lucreze \u00eentr-un mediu t\u00e2n\u0103r, dinamic \u0219i stabil. Fabric\u0103m rezervoare din inox pentru industria alimentar\u0103 \u0219i dorim s\u0103 ne m\u0103rim echipa de produc\u021bie. Condi\u021biile de lucru sunt deosebite. Interesat? \u00ce\u021bi oferim mai multe detalii la num\u0103rul de telefon 0268 547 832 A\u0219tept\u0103m CV-ul [&hellip;]<\/p>","protected":false},"author":4,"featured_media":0,"parent":0,"menu_order":0,"comment_status":"closed","ping_status":"closed","template":"","meta":{"_acf_changed":false,"footnotes":""},"class_list":["post-341","page","type-page","status-publish","hentry"],"acf":[],"amp_enabled":true,"_links":{"self":[{"href":"https:\/\/www.triago.ro\/en\/wp-json\/wp\/v2\/pages\/341","targetHints":{"allow":["GET"]}}],"collection":[{"href":"https:\/\/www.triago.ro\/en\/wp-json\/wp\/v2\/pages"}],"about":[{"href":"https:\/\/www.triago.ro\/en\/wp-json\/wp\/v2\/types\/page"}],"author":[{"embeddable":true,"href":"https:\/\/www.triago.ro\/en\/wp-json\/wp\/v2\/users\/4"}],"replies":[{"embeddable":true,"href":"https:\/\/www.triago.ro\/en\/wp-json\/wp\/v2\/comments?post=341"}],"version-history":[{"count":0,"href":"https:\/\/www.triago.ro\/en\/wp-json\/wp\/v2\/pages\/341\/revisions"}],"wp:attachment":[{"href":"https:\/\/www.triago.ro\/en\/wp-json\/wp\/v2\/media?parent=341"}],"curies":[{"name":"wp","href":"https:\/\/api.w.org\/{rel}","templated":true}]}}