{"id":65,"date":"2018-12-20T16:19:07","date_gmt":"2018-12-20T14:19:07","guid":{"rendered":"https:\/\/www.triago.ro\/?page_id=65"},"modified":"2024-12-12T10:04:33","modified_gmt":"2024-12-12T08:04:33","slug":"companie","status":"publish","type":"page","link":"https:\/\/www.triago.ro\/en\/companie\/","title":{"rendered":"Company"},"content":{"rendered":"<p class=\"translation-block\">We are a dynamic company that maintain leading position as producer of stainless steel tanks, equipment and machinery for food industry.<\/p>\n<p><strong>The objectives of management group are:<\/strong><\/p>\n<ul>\n<li>Reinvestment of profit;<\/li>\n<li>Improving quality of execution<\/li>\n<li>Improving the quality of management<\/li>\n<li>Training programs<\/li>\n<li>Professional technological equipment<\/li>\n<li>Partnership contracts<\/li>\n<li>Promoting the company through:<br \/>\n\u2013 advertising<br \/>\n\u2013 participation as exhibitor to national and international fair<\/li>\n<\/ul>\n\n\t\t<style type=\"text\/css\">\n\t\t\t#gallery-1 {\n\t\t\t\tmargin: auto;\n\t\t\t}\n\t\t\t#gallery-1 .gallery-item {\n\t\t\t\tfloat: left;\n\t\t\t\tmargin-top: 10px;\n\t\t\t\ttext-align: center;\n\t\t\t\twidth: 25%;\n\t\t\t}\n\t\t\t#gallery-1 img {\n\t\t\t\tborder: 2px solid #cfcfcf;\n\t\t\t}\n\t\t\t#gallery-1 .gallery-caption {\n\t\t\t\tmargin-left: 0;\n\t\t\t}\n\t\t\t\/* see gallery_shortcode() in wp-includes\/media.php *\/\n\t\t<\/style>\n\t\t<div id='gallery-1' class='gallery galleryid-65 gallery-columns-4 gallery-size-thumbnail'><dl class='gallery-item'>\n\t\t\t<dt class='gallery-icon portrait'>\n\t\t\t\t<a href='https:\/\/www.triago.ro\/wp-content\/uploads\/2019\/11\/20190830_174430-01.jpeg'><img decoding=\"async\" width=\"350\" height=\"350\" src=\"https:\/\/www.triago.ro\/wp-content\/uploads\/2019\/11\/20190830_174430-01-350x350.jpeg\" class=\"attachment-thumbnail size-thumbnail\" alt=\"triago trading\" title=\"\"><\/a>\n\t\t\t<\/dt><\/dl><dl class='gallery-item'>\n\t\t\t<dt class='gallery-icon portrait'>\n\t\t\t\t<a href='https:\/\/www.triago.ro\/wp-content\/uploads\/2019\/11\/20190831_174152-01.jpeg'><img decoding=\"async\" width=\"350\" height=\"350\" src=\"https:\/\/www.triago.ro\/wp-content\/uploads\/2019\/11\/20190831_174152-01-350x350.jpeg\" class=\"attachment-thumbnail size-thumbnail\" alt=\"triago trading\" title=\"\"><\/a>\n\t\t\t<\/dt><\/dl><dl class='gallery-item'>\n\t\t\t<dt class='gallery-icon portrait'>\n\t\t\t\t<a href='https:\/\/www.triago.ro\/wp-content\/uploads\/2019\/11\/20190831_174440-01.jpeg'><img decoding=\"async\" width=\"350\" height=\"350\" src=\"https:\/\/www.triago.ro\/wp-content\/uploads\/2019\/11\/20190831_174440-01-350x350.jpeg\" class=\"attachment-thumbnail size-thumbnail\" alt=\"triago trading\" title=\"\"><\/a>\n\t\t\t<\/dt><\/dl><dl class='gallery-item'>\n\t\t\t<dt class='gallery-icon portrait'>\n\t\t\t\t<a href='https:\/\/www.triago.ro\/wp-content\/uploads\/2019\/11\/20190904_175337-01.jpeg'><img decoding=\"async\" width=\"350\" height=\"350\" src=\"https:\/\/www.triago.ro\/wp-content\/uploads\/2019\/11\/20190904_175337-01-350x350.jpeg\" class=\"attachment-thumbnail size-thumbnail\" alt=\"triago trading\" title=\"\"><\/a>\n\t\t\t<\/dt><\/dl><br style=\"clear: both\" \/>\n\t\t<\/div>\n\n<p><strong>Technical resources<\/strong><\/p>\n<p>TRIAGO company has capacities and equipment necessary for produce tanks or other stainless steel equipment.<\/p>\n<p>The quality of the products is ensured by the fact that TRIAGO continuously maintains and improves integrated management system according reference standards.<br \/>\n\u2022<strong> ISO 9001:2015 <\/strong>Quality Management<br \/>\n<strong>\u2022 ISO 14001:2015 <\/strong>Environmental management systems<br \/>\n\u2022<strong> ISO 450001:2018 <\/strong>Occupational Health and Safety Assessment Series<\/p>\n<p>\u2022<strong> Trade mark<\/strong> according to certificate <strong>no. 164855<\/strong> granted under Law no. 87\/1998 or the trademark <strong>TRIAGO<\/strong><\/p>\n<table>\n<tbody>\n<tr>\n<td><img decoding=\"async\" class=\"wp-image-2537 alignleft\" src=\"https:\/\/www.triago.ro\/wp-content\/uploads\/2020\/06\/14001-e1593155906614-422x600.jpg\" alt=\"\" width=\"159\" height=\"226\" title=\"\" srcset=\"https:\/\/www.triago.ro\/wp-content\/uploads\/2020\/06\/14001-e1593155906614-422x600.jpg 422w, https:\/\/www.triago.ro\/wp-content\/uploads\/2020\/06\/14001-e1593155906614-719x1024.jpg 719w, https:\/\/www.triago.ro\/wp-content\/uploads\/2020\/06\/14001-e1593155906614-768x1093.jpg 768w, https:\/\/www.triago.ro\/wp-content\/uploads\/2020\/06\/14001-e1593155906614-624x888.jpg 624w, https:\/\/www.triago.ro\/wp-content\/uploads\/2020\/06\/14001-e1593155906614.jpg 843w\" sizes=\"(max-width: 159px) 100vw, 159px\" \/><\/td>\n<td><img decoding=\"async\" class=\"wp-image-2536 aligncenter\" src=\"https:\/\/www.triago.ro\/wp-content\/uploads\/2020\/06\/9001-2015-e1593155849517-422x600.jpg\" alt=\"\" width=\"166\" height=\"236\" title=\"\" srcset=\"\" sizes=\"(max-width: 166px) 100vw, 166px\" data-srcset=\"\" \/><\/td>\n<td><img decoding=\"async\" class=\"wp-image-2535 alignright\" src=\"https:\/\/www.triago.ro\/wp-content\/uploads\/2020\/06\/OH-e1593155776632-422x600.jpg\" alt=\"\" width=\"167\" height=\"237\" title=\"\" srcset=\"\" sizes=\"(max-width: 167px) 100vw, 167px\" data-srcset=\"\" \/><\/td>\n<td><img decoding=\"async\" class=\"wp-image-2533 alignright\" src=\"https:\/\/www.triago.ro\/wp-content\/uploads\/2020\/06\/marca-TRIAGO-e1593154720837-422x600.jpg\" alt=\"\" width=\"165\" height=\"234\" title=\"\" srcset=\"\" sizes=\"(max-width: 165px) 100vw, 165px\" data-srcset=\"\" \/><\/td>\n<\/tr>\n<\/tbody>\n<\/table>\n<p>Our products are made according European standards:<br \/>\n\u2022 <strong>EN 292-2:2000; <\/strong>BS EN 292-2 : Safety of machinery<strong>.<\/strong> - Basic concepts, general principles for design - Part 2: Technical principles and specifications.<br \/>\n\u2022 <strong>EN 1672-2:2005 + A1: 2009<\/strong>; Food processing machinery - Basic concepts - Part 2: Hygiene requirements.<br \/>\n\u2022 <strong>EN 60204-1:2006<\/strong>; Safety of machinery \u2014 Electrical equipment of machines \u2014 Part 1: General requirements.<\/p>\n<p style=\"text-align: center;\"><strong>We are convinced that we can prosper only<\/strong><br \/>\n<strong>by achieving the proposed objectives and meeting the requirements of our customers.<\/strong><\/p>","protected":false},"excerpt":{"rendered":"<p>Suntem o firm\u0103 dinamic\u0103, dornic\u0103 s\u0103-\u0219i consolideze pozi\u021bia de lider pe segmentul de pia\u021b\u0103 a produc\u0103torilor de rezervoare , echipamente \u0219i utilaje din inox destinate industriei alimentare. Obiectivele\u00a0 grupului managerial \u00eel constituie: Reinvestirea profitului; Ridicarea nivelului calit\u0103\u021bii execu\u021biei; Cre\u0219terea calit\u0103\u021bii managementului; Programe de instruire; Dotare tehnologic\u0103 corespunz\u0103toare; Dezvoltarea pie\u021bei de desfacere:\u00a0 contracte de parteneriat cu [&hellip;]<\/p>","protected":false},"author":4,"featured_media":0,"parent":0,"menu_order":0,"comment_status":"closed","ping_status":"closed","template":"","meta":{"_acf_changed":false,"footnotes":""},"class_list":["post-65","page","type-page","status-publish","hentry"],"acf":[],"amp_enabled":true,"_links":{"self":[{"href":"https:\/\/www.triago.ro\/en\/wp-json\/wp\/v2\/pages\/65","targetHints":{"allow":["GET"]}}],"collection":[{"href":"https:\/\/www.triago.ro\/en\/wp-json\/wp\/v2\/pages"}],"about":[{"href":"https:\/\/www.triago.ro\/en\/wp-json\/wp\/v2\/types\/page"}],"author":[{"embeddable":true,"href":"https:\/\/www.triago.ro\/en\/wp-json\/wp\/v2\/users\/4"}],"replies":[{"embeddable":true,"href":"https:\/\/www.triago.ro\/en\/wp-json\/wp\/v2\/comments?post=65"}],"version-history":[{"count":0,"href":"https:\/\/www.triago.ro\/en\/wp-json\/wp\/v2\/pages\/65\/revisions"}],"wp:attachment":[{"href":"https:\/\/www.triago.ro\/en\/wp-json\/wp\/v2\/media?parent=65"}],"curies":[{"name":"wp","href":"https:\/\/api.w.org\/{rel}","templated":true}]}}