{"id":27,"date":"2018-12-19T11:11:44","date_gmt":"2018-12-19T09:11:44","guid":{"rendered":"https:\/\/www.triago.ro\/?page_id=27"},"modified":"2021-04-06T16:50:52","modified_gmt":"2021-04-06T13:50:52","slug":"homepage","status":"publish","type":"page","link":"https:\/\/www.triago.ro\/ru\/homepage\/","title":{"rendered":"Homepage"},"content":{"rendered":"<p><span style=\"font-size: 1rem;\">\u041c\u044b - \u043a\u043e\u043c\u043f\u0430\u043d\u0438\u044f, \u0441\u043f\u0435\u0446\u0438\u0430\u043b\u0438\u0437\u0438\u0440\u0443\u044e\u0449\u0430\u044f\u0441\u044f \u043d\u0430 \u043f\u0440\u043e\u0438\u0437\u0432\u043e\u0434\u0441\u0442\u0432\u0435 \u0440\u0435\u0437\u0435\u0440\u0432\u0443\u0430\u0440\u043e\u0432 \u0438\u0437 \u043d\u0435\u0440\u0436\u0430\u0432\u0435\u044e\u0449\u0435\u0439 \u0441\u0442\u0430\u043b\u0438 \u0438 \u043e\u0431\u043e\u0440\u0443\u0434\u043e\u0432\u0430\u043d\u0438\u044f \u0434\u043b\u044f \u043f\u0438\u0449\u0435\u0432\u043e\u0439, \u0445\u0438\u043c\u0438\u0447\u0435\u0441\u043a\u043e\u0439 \u0438\u043b\u0438 \u0444\u0430\u0440\u043c\u0430\u0446\u0435\u0432\u0442\u0438\u0447\u0435\u0441\u043a\u043e\u0439 \u043f\u0440\u043e\u043c\u044b\u0448\u043b\u0435\u043d\u043d\u043e\u0441\u0442\u0438.<br \/>\n<\/span><\/p>\n<p><span style=\"font-size: 1rem;\">Cuno\u0219tin\u021bele solide \u0219i experien\u021ba \u00een domeniul tehnologic acumulate de-a lungul anilor, precum \u0219i utilajele performante din dotarea halei de productie contribuie \u00een mod eficient \u00een realizarea <\/span><span style=\"font-size: 1rem;\">produselor de calitate conform standardelor europene.<\/span><\/p>\n<p><span style=\"font-size: 1rem;\">Suntem convinsi c\u0103 putem prospera \u0219i evolua doar prin realizarea obiectivelor propuse \u0219i \u00eendeplinirea cerin\u021belor clien\u021bilor no\u0219tri.<\/span><\/p>\n<p>&nbsp;<\/p>","protected":false},"excerpt":{"rendered":"<p>Suntem o companie specializat\u0103 \u00een fabricarea rezervoarelor \u0219i echipamentelor din inox destinate industriei alimentare, chimice sau farmaceutice. Cuno\u0219tin\u021bele solide \u0219i experien\u021ba \u00een domeniul tehnologic acumulate de-a lungul anilor, precum \u0219i utilajele performante din dotarea halei de productie contribuie \u00een mod eficient \u00een realizarea produselor de calitate conform standardelor europene. Suntem convinsi c\u0103 putem prospera \u0219i [&hellip;]<\/p>","protected":false},"author":4,"featured_media":0,"parent":0,"menu_order":-99,"comment_status":"closed","ping_status":"closed","template":"","meta":{"_acf_changed":false,"footnotes":""},"class_list":["post-27","page","type-page","status-publish","hentry"],"acf":[],"amp_enabled":true,"_links":{"self":[{"href":"https:\/\/www.triago.ro\/ru\/wp-json\/wp\/v2\/pages\/27","targetHints":{"allow":["GET"]}}],"collection":[{"href":"https:\/\/www.triago.ro\/ru\/wp-json\/wp\/v2\/pages"}],"about":[{"href":"https:\/\/www.triago.ro\/ru\/wp-json\/wp\/v2\/types\/page"}],"author":[{"embeddable":true,"href":"https:\/\/www.triago.ro\/ru\/wp-json\/wp\/v2\/users\/4"}],"replies":[{"embeddable":true,"href":"https:\/\/www.triago.ro\/ru\/wp-json\/wp\/v2\/comments?post=27"}],"version-history":[{"count":0,"href":"https:\/\/www.triago.ro\/ru\/wp-json\/wp\/v2\/pages\/27\/revisions"}],"wp:attachment":[{"href":"https:\/\/www.triago.ro\/ru\/wp-json\/wp\/v2\/media?parent=27"}],"curies":[{"name":"wp","href":"https:\/\/api.w.org\/{rel}","templated":true}]}}