{"id":341,"date":"2019-12-04T15:31:45","date_gmt":"2019-12-04T13:31:45","guid":{"rendered":"https:\/\/www.triago.ro\/?page_id=341"},"modified":"2020-04-09T14:27:27","modified_gmt":"2020-04-09T11:27:27","slug":"cariere","status":"publish","type":"page","link":"https:\/\/www.triago.ro\/ru\/cariere\/","title":{"rendered":"\u0412\u0430\u043a\u0430\u043d\u0441\u0438\u0438"},"content":{"rendered":"<div class=\"row\">\n<div class=\"col-md-4\">\n<h2 style=\"text-align: left;\">\u041a\u043e\u043c\u0430\u043d\u0434\u0430 TRIAGO<\/h2>\n<p>\u041c\u044b - \u0440\u0430\u0441\u0442\u0443\u0449\u0430\u044f \u043a\u043e\u043c\u043f\u0430\u043d\u0438\u044f, \u043a\u043e\u0442\u043e\u0440\u0430\u044f \u043d\u0430\u0431\u0438\u0440\u0430\u0435\u0442 \u043b\u044e\u0434\u0435\u0439, \u0441\u0442\u0440\u0435\u043c\u044f\u0449\u0438\u0445\u0441\u044f \u0440\u0430\u0431\u043e\u0442\u0430\u0442\u044c \u0432 \u043c\u043e\u043b\u043e\u0434\u043e\u0439, \u0434\u0438\u043d\u0430\u043c\u0438\u0447\u043d\u043e\u0439 \u0438 \u0441\u0442\u0430\u0431\u0438\u043b\u044c\u043d\u043e\u0439 \u0441\u0440\u0435\u0434\u0435. \u041c\u044b \u043f\u0440\u043e\u0438\u0437\u0432\u043e\u0434\u0438\u043c \u0440\u0435\u0437\u0435\u0440\u0432\u0443\u0430\u0440\u044b \u0438\u0437 \u043d\u0435\u0440\u0436\u0430\u0432\u0435\u044e\u0449\u0435\u0439 \u0441\u0442\u0430\u043b\u0438 \u0434\u043b\u044f \u043f\u0438\u0449\u0435\u0432\u043e\u0439 \u043f\u0440\u043e\u043c\u044b\u0448\u043b\u0435\u043d\u043d\u043e\u0441\u0442\u0438, \u0438 \u043c\u044b \u0445\u043e\u0442\u0438\u043c \u0443\u0432\u0435\u043b\u0438\u0447\u0438\u0442\u044c \u043d\u0430\u0448\u0443 \u043f\u0440\u043e\u0438\u0437\u0432\u043e\u0434\u0441\u0442\u0432\u0435\u043d\u043d\u0443\u044e \u043a\u043e\u043c\u0430\u043d\u0434\u0443. \u0423\u0441\u043b\u043e\u0432\u0438\u044f \u0440\u0430\u0431\u043e\u0442\u044b \u043e\u0441\u043e\u0431\u044b\u0435.<\/p>\n<\/div>\n<div class=\"col-md-4\">\n<h2 style=\"text-align: center;\"><\/h2>\n<p style=\"text-align: center;\"><strong>\u0417\u0430\u0438\u043d\u0442\u0435\u0440\u0435\u0441\u043e\u0432\u0430\u043d\u044b?<br \/>\n<\/strong><\/p>\n<p style=\"text-align: center;\"><strong>\u041f\u043e\u0434\u0440\u043e\u0431\u043d\u043e\u0441\u0442\u0438 \u043f\u043e \u0442\u0435\u043b\u0435\u0444\u043e\u043d\u0443<br \/>\n0268 547 832<\/strong><\/p>\n<p style=\"text-align: center;\"><strong>\u0416\u0434\u0435\u043c \u0432\u0430\u0448\u0435 \u0440\u0435\u0437\u044e\u043c\u0435 \u043f\u043e \u0430\u0434\u0440\u0435\u0441\u0443 <a href=\"mailto:job@triago.ro\" target=\"_blank\" rel=\"noopener\">job@triago.ro.<\/a><\/strong><\/p>\n<\/div>\n<div class=\"col-md-4\">\n<h2 style=\"text-align: left;\">\u0412\u044b\u0433\u043e\u0434\u044b:<\/h2>\n<ul>\n<li>\u041c\u043e\u0442\u0438\u0432\u0438\u0440\u0443\u044e\u0449\u0430\u044f \u0437\u0430\u0440\u0430\u0431\u043e\u0442\u043d\u0430\u044f \u043f\u043b\u0430\u0442\u0430,<\/li>\n<li>\u0412\u0430\u0443\u0447\u0435\u0440\u044b,<\/li>\n<li>\u041c\u0435\u0434\u0438\u0446\u0438\u043d\u0441\u043a\u0430\u044f \u0441\u0442\u0440\u0430\u0445\u043e\u0432\u043a\u0430,<\/li>\n<li>\u0421\u0442\u0430\u0431\u0438\u043b\u044c\u043d\u043e\u0441\u0442\u044c \u043d\u0430 \u0440\u0430\u0431\u043e\u0447\u0435\u043c \u043c\u0435\u0441\u0442\u0435,<\/li>\n<li>\u041f\u0440\u043e\u0444\u0435\u0441\u0441\u0438\u043e\u043d\u0430\u043b\u044c\u043d\u043e\u0435 \u043e\u0431\u0443\u0447\u0435\u043d\u0438\u0435 \u0438 \u043e\u0431\u0443\u0447\u0435\u043d\u0438\u0435;<\/li>\n<\/ul>\n<\/div>\n<\/div>\n<h2 style=\"text-align: center;\"><\/h2>\n<div class=\"row\">\n<div class=\"col-md-6\">\n<h2 style=\"background: #025699; color: #ffffff; padding: 10px; text-align: center;\">\u0421\u0432\u0430\u0440\u0449\u0438\u043a TIG \/ WIG<\/h2>\n<p class=\"translation-block\">C\u0103ut\u0103m sudor Tig\/Wig \u00een vederea dezvolt\u0103rii departamentului de produc\u021bie.<br>\nDac\u0103 i\u021bi dore\u0219ti dezvoltare profesional\u0103 \u0219i un loc de munc\u0103 stabil, te a\u0219tept\u0103m la o prob\u0103 de lucru la sediul companiei din Codlea.<\/p>\n<\/div>\n<div class=\"col-md-6\">\n<h2 style=\"background: #025699; color: #ffffff; padding: 10px; text-align: center;\">\u0421\u043b\u0435\u0441\u0430\u0440\u044c \u043f\u043e \u043c\u0435\u0442\u0430\u043b\u043b\u0443<\/h2>\n<p class=\"translation-block\">Dorim s\u0103 ne m\u0103rim echipa de l\u0103c\u0103tu\u0219i cu experien\u021b\u0103 \u0219i muncitori necalifica\u021bi, cu oameni dornici s\u0103 \u00eenve\u021be \u0219i s\u0103 se specializeze la locul de munc\u0103.<br>\nTe a\u0219tept\u0103m la o prob\u0103 de lucru!<\/p>\n<\/div>\n<\/div>\n<h3 style=\"text-align: center;\" class=\"translation-block\">Oferim suport \u00een specializare \u0219i posibilitatea dezvolt\u0103rii unei cariere.<br>\nVino al\u0103turi de noi s\u0103 faci parte din echip\u0103!<\/h3>","protected":false},"excerpt":{"rendered":"<p>Echipa Triago Suntem o companie \u00een plin\u0103 dezvoltare care recruteaz\u0103 persoane dornice s\u0103 lucreze \u00eentr-un mediu t\u00e2n\u0103r, dinamic \u0219i stabil. Fabric\u0103m rezervoare din inox pentru industria alimentar\u0103 \u0219i dorim s\u0103 ne m\u0103rim echipa de produc\u021bie. Condi\u021biile de lucru sunt deosebite. Interesat? \u00ce\u021bi oferim mai multe detalii la num\u0103rul de telefon 0268 547 832 A\u0219tept\u0103m CV-ul [&hellip;]<\/p>","protected":false},"author":4,"featured_media":0,"parent":0,"menu_order":0,"comment_status":"closed","ping_status":"closed","template":"","meta":{"_acf_changed":false,"footnotes":""},"class_list":["post-341","page","type-page","status-publish","hentry"],"acf":[],"amp_enabled":true,"_links":{"self":[{"href":"https:\/\/www.triago.ro\/ru\/wp-json\/wp\/v2\/pages\/341","targetHints":{"allow":["GET"]}}],"collection":[{"href":"https:\/\/www.triago.ro\/ru\/wp-json\/wp\/v2\/pages"}],"about":[{"href":"https:\/\/www.triago.ro\/ru\/wp-json\/wp\/v2\/types\/page"}],"author":[{"embeddable":true,"href":"https:\/\/www.triago.ro\/ru\/wp-json\/wp\/v2\/users\/4"}],"replies":[{"embeddable":true,"href":"https:\/\/www.triago.ro\/ru\/wp-json\/wp\/v2\/comments?post=341"}],"version-history":[{"count":0,"href":"https:\/\/www.triago.ro\/ru\/wp-json\/wp\/v2\/pages\/341\/revisions"}],"wp:attachment":[{"href":"https:\/\/www.triago.ro\/ru\/wp-json\/wp\/v2\/media?parent=341"}],"curies":[{"name":"wp","href":"https:\/\/api.w.org\/{rel}","templated":true}]}}